{"id":1767,"date":"2024-10-19T20:38:59","date_gmt":"2024-10-19T20:38:59","guid":{"rendered":"https:\/\/websitechile.cl\/?post_type=product&#038;p=1767"},"modified":"2024-10-28T23:41:47","modified_gmt":"2024-10-28T23:41:47","slug":"tienda-virtual-basica-2","status":"publish","type":"product","link":"https:\/\/websitechile.cl\/index.php\/producto\/tienda-virtual-basica-2\/","title":{"rendered":"Tienda Virtual Mipymes"},"content":{"rendered":"<p><strong>Desarrollo de Tiendas Online<\/strong><br \/>\n<strong>Lleva tu negocio al comercio electr\u00f3nico con nuestras tiendas online. Creamos plataformas de ventas f\u00e1ciles de gestionar, con un dise\u00f1o atractivo y procesos de compra optimizados para mejorar la experiencia del cliente. M\u00e1ximo 50 productos.<\/strong><\/p>\n<p><strong>Desarrollo de una plataforma web autoadministrable (e-commerce), optimizada para motores de b\u00fasqueda (SEO) e indexada adecuadamente, con integraci\u00f3n de Google Analytics.<\/strong><br \/>\n<strong>Carga de contenido proporcionado por el cliente, incluyendo textos para la p\u00e1gina de inicio, secci\u00f3n de &#8220;Qui\u00e9nes Somos&#8221;, descripci\u00f3n de servicios, fotograf\u00edas editadas de productos con sus caracter\u00edsticas y<\/strong><br \/>\n<strong>precios.<\/strong><br \/>\n<strong>Creaci\u00f3n de un formulario de contacto y un mapa de ubicaci\u00f3n interactivo.<\/strong><br \/>\n<strong>Cuentas de Correo Corporativas.<\/strong><br \/>\n<strong>Certificado SSL.<\/strong><br \/>\n<strong>Implementaci\u00f3n de Plugins para la conexi\u00f3n con feeds de redes sociales.<\/strong><br \/>\n<strong>Integraci\u00f3n de Transbank Webpay Plus para la habilitaci\u00f3n de un carro de compras.<\/strong><br \/>\n<strong>Gesti\u00f3n y configuraci\u00f3n de un dominio .cl y el servicio de hosting. (pago anual)<\/strong><br \/>\n<strong>Respaldo del sitio con opci\u00f3n de descarga de toda la informaci\u00f3n mediante un enlace seguro.<\/strong><br \/>\n<strong>Optimizaci\u00f3n de im\u00e1genes para un mejor rendimiento de la pagina y dise\u00f1o de banners.<\/strong><br \/>\n<strong>Dise\u00f1o e implementaci\u00f3n de una interfaz adaptativa y responsiva para PC, laptop, tablet y celular.<\/strong><br \/>\n<strong>Capacitaci\u00f3n online y\/o presencial sobre el uso y auto gesti\u00f3n de la plataforma autoadministrable.<\/strong><br \/>\n<strong>Incluye:<\/strong><br \/>\n<strong>1- Hosting Est\u00e1ndar Potencia x1 \/ 4 GB Disco Duro \/ 5 cuentas de Correo Electr\u00f3nico \/ 2 Bases de Datos MySQL. (x1 a\u00f1o)<\/strong><br \/>\n<strong>2- Dominio\u00a0 .cl. (x1 a\u00f1o)<\/strong><br \/>\n<strong>3- Plantilla o Tema Standard.<\/strong><\/p>\n<p>&nbsp;<\/p>\n","protected":false},"excerpt":{"rendered":"<h5>Lleva tu negocio al comercio electr\u00f3nico con nuestras tiendas online. Creamos plataformas de ventas f\u00e1ciles de gestionar, con un dise\u00f1o atractivo y procesos de compra optimizados para mejorar la experiencia del cliente.<\/h5>\n<h5><\/h5>\n","protected":false},"featured_media":1945,"comment_status":"closed","ping_status":"closed","template":"","meta":{"site-sidebar-layout":"default","site-content-layout":"","ast-site-content-layout":"default","site-content-style":"default","site-sidebar-style":"default","ast-global-header-display":"","ast-banner-title-visibility":"","ast-main-header-display":"","ast-hfb-above-header-display":"","ast-hfb-below-header-display":"","ast-hfb-mobile-header-display":"","site-post-title":"","ast-breadcrumbs-content":"","ast-featured-img":"","footer-sml-layout":"","theme-transparent-header-meta":"default","adv-header-id-meta":"","stick-header-meta":"","header-above-stick-meta":"","header-main-stick-meta":"","header-below-stick-meta":"","astra-migrate-meta-layouts":"set","ast-page-background-enabled":"default","ast-page-background-meta":{"desktop":{"background-color":"var(--ast-global-color-4)","background-image":"","background-repeat":"repeat","background-position":"center center","background-size":"auto","background-attachment":"scroll","background-type":"","background-media":"","overlay-type":"","overlay-color":"","overlay-opacity":"","overlay-gradient":""},"tablet":{"background-color":"","background-image":"","background-repeat":"repeat","background-position":"center center","background-size":"auto","background-attachment":"scroll","background-type":"","background-media":"","overlay-type":"","overlay-color":"","overlay-opacity":"","overlay-gradient":""},"mobile":{"background-color":"","background-image":"","background-repeat":"repeat","background-position":"center center","background-size":"auto","background-attachment":"scroll","background-type":"","background-media":"","overlay-type":"","overlay-color":"","overlay-opacity":"","overlay-gradient":""}},"ast-content-background-meta":{"desktop":{"background-color":"var(--ast-global-color-5)","background-image":"","background-repeat":"repeat","background-position":"center center","background-size":"auto","background-attachment":"scroll","background-type":"","background-media":"","overlay-type":"","overlay-color":"","overlay-opacity":"","overlay-gradient":""},"tablet":{"background-color":"var(--ast-global-color-5)","background-image":"","background-repeat":"repeat","background-position":"center center","background-size":"auto","background-attachment":"scroll","background-type":"","background-media":"","overlay-type":"","overlay-color":"","overlay-opacity":"","overlay-gradient":""},"mobile":{"background-color":"var(--ast-global-color-5)","background-image":"","background-repeat":"repeat","background-position":"center center","background-size":"auto","background-attachment":"scroll","background-type":"","background-media":"","overlay-type":"","overlay-color":"","overlay-opacity":"","overlay-gradient":""}}},"product_brand":[],"product_cat":[30,28,33],"product_tag":[32,25,26,24,27,31],"class_list":{"0":"post-1767","1":"product","2":"type-product","3":"status-publish","4":"has-post-thumbnail","6":"product_cat-carrito","7":"product_cat-pagina-web-media","8":"product_cat-tienda-virtual","9":"product_tag-carrito","10":"product_tag-landing-page","11":"product_tag-pagina-para-mi-pyme","12":"product_tag-pagina-web","13":"product_tag-paginas-economicas","14":"product_tag-tienda-virtual","15":"desktop-align-left","16":"tablet-align-left","17":"mobile-align-left","19":"first","20":"instock","21":"virtual","22":"purchasable","23":"product-type-simple"},"jetpack_sharing_enabled":true,"_links":{"self":[{"href":"https:\/\/websitechile.cl\/index.php\/wp-json\/wp\/v2\/product\/1767","targetHints":{"allow":["GET"]}}],"collection":[{"href":"https:\/\/websitechile.cl\/index.php\/wp-json\/wp\/v2\/product"}],"about":[{"href":"https:\/\/websitechile.cl\/index.php\/wp-json\/wp\/v2\/types\/product"}],"replies":[{"embeddable":true,"href":"https:\/\/websitechile.cl\/index.php\/wp-json\/wp\/v2\/comments?post=1767"}],"wp:featuredmedia":[{"embeddable":true,"href":"https:\/\/websitechile.cl\/index.php\/wp-json\/wp\/v2\/media\/1945"}],"wp:attachment":[{"href":"https:\/\/websitechile.cl\/index.php\/wp-json\/wp\/v2\/media?parent=1767"}],"wp:term":[{"taxonomy":"product_brand","embeddable":true,"href":"https:\/\/websitechile.cl\/index.php\/wp-json\/wp\/v2\/product_brand?post=1767"},{"taxonomy":"product_cat","embeddable":true,"href":"https:\/\/websitechile.cl\/index.php\/wp-json\/wp\/v2\/product_cat?post=1767"},{"taxonomy":"product_tag","embeddable":true,"href":"https:\/\/websitechile.cl\/index.php\/wp-json\/wp\/v2\/product_tag?post=1767"}],"curies":[{"name":"wp","href":"https:\/\/api.w.org\/{rel}","templated":true}]}}