{"id":406,"date":"2024-09-13T16:24:46","date_gmt":"2024-09-13T16:24:46","guid":{"rendered":"https:\/\/websitechile.cl\/?page_id=406"},"modified":"2026-03-11T09:31:37","modified_gmt":"2026-03-11T09:31:37","slug":"proyectos","status":"publish","type":"page","link":"https:\/\/websitechile.cl\/index.php\/proyectos\/","title":{"rendered":"Proyectos"},"content":{"rendered":"\t\t<div data-elementor-type=\"wp-page\" data-elementor-id=\"406\" class=\"elementor elementor-406\">\n\t\t\t\t<div class=\"elementor-element elementor-element-1651d41 e-flex e-con-boxed e-con e-parent\" data-id=\"1651d41\" data-element_type=\"container\" data-e-type=\"container\" data-settings=\"{&quot;background_background&quot;:&quot;gradient&quot;,&quot;position&quot;:&quot;fixed&quot;}\">\n\t\t\t\t\t<div class=\"e-con-inner\">\n\t\t\t\t\t<\/div>\n\t\t\t\t<\/div>\n\t\t<div class=\"elementor-element elementor-element-7e54c9f e-flex e-con-boxed e-con e-parent\" data-id=\"7e54c9f\" data-element_type=\"container\" data-e-type=\"container\">\n\t\t\t\t\t<div class=\"e-con-inner\">\n\t\t\t\t<div class=\"elementor-element elementor-element-cbf2a14 elementor-widget elementor-widget-spacer\" data-id=\"cbf2a14\" data-element_type=\"widget\" data-e-type=\"widget\" data-widget_type=\"spacer.default\">\n\t\t\t\t<div class=\"elementor-widget-container\">\n\t\t\t\t\t\t\t<div class=\"elementor-spacer\">\n\t\t\t<div class=\"elementor-spacer-inner\"><\/div>\n\t\t<\/div>\n\t\t\t\t\t\t<\/div>\n\t\t\t\t<\/div>\n\t\t\t\t\t<\/div>\n\t\t\t\t<\/div>\n\t\t<div class=\"elementor-element elementor-element-d401d6c e-flex e-con-boxed e-con e-parent\" data-id=\"d401d6c\" data-element_type=\"container\" data-e-type=\"container\">\n\t\t\t\t\t<div class=\"e-con-inner\">\n\t\t\t\t<div class=\"elementor-element elementor-element-d3aa838 elementor-widget elementor-widget-text-editor\" data-id=\"d3aa838\" data-element_type=\"widget\" data-e-type=\"widget\" data-widget_type=\"text-editor.default\">\n\t\t\t\t<div class=\"elementor-widget-container\">\n\t\t\t\t\t\t\t\t\t<div class=\"elementor-element elementor-element-b8fdb20 elementor-widget elementor-widget-heading\" data-id=\"b8fdb20\" data-element_type=\"widget\" data-widget_type=\"heading.default\"><p class=\"elementor-widget-container\" style=\"text-align: center;\"><span class=\"elementor-heading-title elementor-size-default\" style=\"color: #ffffff;\">Portafolio<\/span><\/p><h1 class=\"elementor-widget-container\" style=\"text-align: center;\"><span class=\"elementor-heading-title elementor-size-default\" style=\"color: #ffffff;\">Proyectos Digitales<\/span><\/h1><\/div><div class=\"elementor-element elementor-element-efd222d elementor-widget elementor-widget-text-editor\" style=\"text-align: center;\" data-id=\"efd222d\" data-element_type=\"widget\" data-widget_type=\"text-editor.default\"><div class=\"elementor-widget-container\"><div class=\"flex max-w-full flex-col flex-grow\"><div class=\"min-h-8 text-message flex w-full flex-col items-end gap-2 whitespace-normal break-words [.text-message+&amp;]:mt-5\" dir=\"auto\" data-message-author-role=\"assistant\" data-message-id=\"f9b276d9-37fc-4ab7-9f69-bb2b956ebf0a\" data-message-model-slug=\"gpt-4o\"><div class=\"flex w-full flex-col gap-1 empty:hidden first:pt-[3px]\"><div class=\"markdown prose w-full break-words dark:prose-invert light\"><p><span style=\"color: #ffffff;\">En cada uno de nuestros proyectos, se refleja la dedicaci\u00f3n, creatividad y pasi\u00f3n que ponemos en nuestro trabajo. Hemos desarrollado una amplia variedad de soluciones digitales, incluyendo<b> p\u00e1ginas web<\/b>,<b> tiendas online<\/b>, <b>plataformas de e-commerce<\/b>, ventas de suplementos,\u00a0<b>agencias de turismo<\/b>, <b>sexshops<\/b>, <b>farmacias online<\/b>, <b>restaurantes<\/b> y <b>centros de formaci\u00f3n online<\/b>, entre otros. Nuestro compromiso es ofrecer resultados que destacan por su calidad y atenci\u00f3n al detalle, siempre adapt\u00e1ndonos a las necesidades espec\u00edficas de cada cliente.<\/span><\/p><\/div><\/div><\/div><\/div><\/div><\/div>\t\t\t\t\t\t\t\t<\/div>\n\t\t\t\t<\/div>\n\t\t\t\t\t<\/div>\n\t\t\t\t<\/div>\n\t\t<div class=\"elementor-element elementor-element-eae5a5c e-grid e-con-boxed e-con e-parent\" data-id=\"eae5a5c\" data-element_type=\"container\" data-e-type=\"container\">\n\t\t\t\t\t<div class=\"e-con-inner\">\n\t\t\t\t<div class=\"elementor-element elementor-element-feccc30 elementor-widget elementor-widget-image\" data-id=\"feccc30\" data-element_type=\"widget\" data-e-type=\"widget\" data-widget_type=\"image.default\">\n\t\t\t\t<div class=\"elementor-widget-container\">\n\t\t\t\t\t\t\t\t\t\t\t\t\t\t\t\t<a href=\"http:\/\/www.sexshoparies8.cl\">\n\t\t\t\t\t\t\t<img fetchpriority=\"high\" decoding=\"async\" width=\"768\" height=\"356\" src=\"https:\/\/websitechile.cl\/wp-content\/uploads\/2026\/02\/arieshome-768x356.png\" class=\"attachment-medium_large size-medium_large wp-image-1992\" alt=\"\" srcset=\"https:\/\/websitechile.cl\/wp-content\/uploads\/2026\/02\/arieshome-768x356.png 768w, https:\/\/websitechile.cl\/wp-content\/uploads\/2026\/02\/arieshome-300x139.png 300w, https:\/\/websitechile.cl\/wp-content\/uploads\/2026\/02\/arieshome-1024x475.png 1024w, https:\/\/websitechile.cl\/wp-content\/uploads\/2026\/02\/arieshome-600x278.png 600w, https:\/\/websitechile.cl\/wp-content\/uploads\/2026\/02\/arieshome.png 1366w\" sizes=\"(max-width: 768px) 100vw, 768px\" \/>\t\t\t\t\t\t\t\t<\/a>\n\t\t\t\t\t\t\t\t\t\t\t\t\t\t\t<\/div>\n\t\t\t\t<\/div>\n\t\t\t\t<div class=\"elementor-element elementor-element-4523a80 elementor-widget elementor-widget-image\" data-id=\"4523a80\" data-element_type=\"widget\" data-e-type=\"widget\" data-widget_type=\"image.default\">\n\t\t\t\t<div class=\"elementor-widget-container\">\n\t\t\t\t\t\t\t\t\t\t\t\t\t\t\t\t<a href=\"http:\/\/www.amigopatagon.cl\">\n\t\t\t\t\t\t\t<img decoding=\"async\" width=\"1024\" height=\"475\" src=\"https:\/\/websitechile.cl\/wp-content\/uploads\/2026\/02\/Homeamigopatagon-1024x475.png\" class=\"attachment-large size-large wp-image-1984\" alt=\"\" srcset=\"https:\/\/websitechile.cl\/wp-content\/uploads\/2026\/02\/Homeamigopatagon-1024x475.png 1024w, https:\/\/websitechile.cl\/wp-content\/uploads\/2026\/02\/Homeamigopatagon-300x139.png 300w, https:\/\/websitechile.cl\/wp-content\/uploads\/2026\/02\/Homeamigopatagon-768x356.png 768w, https:\/\/websitechile.cl\/wp-content\/uploads\/2026\/02\/Homeamigopatagon-600x278.png 600w, https:\/\/websitechile.cl\/wp-content\/uploads\/2026\/02\/Homeamigopatagon.png 1366w\" sizes=\"(max-width: 1024px) 100vw, 1024px\" \/>\t\t\t\t\t\t\t\t<\/a>\n\t\t\t\t\t\t\t\t\t\t\t\t\t\t\t<\/div>\n\t\t\t\t<\/div>\n\t\t\t\t<div class=\"elementor-element elementor-element-76b9fdc elementor-widget elementor-widget-image\" data-id=\"76b9fdc\" data-element_type=\"widget\" data-e-type=\"widget\" data-widget_type=\"image.default\">\n\t\t\t\t<div class=\"elementor-widget-container\">\n\t\t\t\t\t\t\t\t\t\t\t\t\t\t\t\t<a href=\"http:\/\/www.gibinabi.cl\">\n\t\t\t\t\t\t\t<img decoding=\"async\" width=\"768\" height=\"356\" src=\"https:\/\/websitechile.cl\/wp-content\/uploads\/2026\/02\/gibinabihome-768x356.png\" class=\"attachment-medium_large size-medium_large wp-image-1987\" alt=\"\" srcset=\"https:\/\/websitechile.cl\/wp-content\/uploads\/2026\/02\/gibinabihome-768x356.png 768w, https:\/\/websitechile.cl\/wp-content\/uploads\/2026\/02\/gibinabihome-300x139.png 300w, https:\/\/websitechile.cl\/wp-content\/uploads\/2026\/02\/gibinabihome-1024x475.png 1024w, https:\/\/websitechile.cl\/wp-content\/uploads\/2026\/02\/gibinabihome-600x278.png 600w, https:\/\/websitechile.cl\/wp-content\/uploads\/2026\/02\/gibinabihome.png 1366w\" sizes=\"(max-width: 768px) 100vw, 768px\" \/>\t\t\t\t\t\t\t\t<\/a>\n\t\t\t\t\t\t\t\t\t\t\t\t\t\t\t<\/div>\n\t\t\t\t<\/div>\n\t\t\t\t<div class=\"elementor-element elementor-element-493c836 elementor-widget elementor-widget-image\" data-id=\"493c836\" data-element_type=\"widget\" data-e-type=\"widget\" data-widget_type=\"image.default\">\n\t\t\t\t<div class=\"elementor-widget-container\">\n\t\t\t\t\t\t\t\t\t\t\t\t\t\t\t\t<a href=\"http:\/\/www.amme08m.cl\">\n\t\t\t\t\t\t\t<img loading=\"lazy\" decoding=\"async\" width=\"1024\" height=\"475\" src=\"https:\/\/websitechile.cl\/wp-content\/uploads\/2026\/02\/ammehome-1024x475.png\" class=\"attachment-large size-large wp-image-1986\" alt=\"\" srcset=\"https:\/\/websitechile.cl\/wp-content\/uploads\/2026\/02\/ammehome-1024x475.png 1024w, https:\/\/websitechile.cl\/wp-content\/uploads\/2026\/02\/ammehome-300x139.png 300w, https:\/\/websitechile.cl\/wp-content\/uploads\/2026\/02\/ammehome-768x356.png 768w, https:\/\/websitechile.cl\/wp-content\/uploads\/2026\/02\/ammehome-600x278.png 600w, https:\/\/websitechile.cl\/wp-content\/uploads\/2026\/02\/ammehome.png 1366w\" sizes=\"(max-width: 1024px) 100vw, 1024px\" \/>\t\t\t\t\t\t\t\t<\/a>\n\t\t\t\t\t\t\t\t\t\t\t\t\t\t\t<\/div>\n\t\t\t\t<\/div>\n\t\t\t\t<div class=\"elementor-element elementor-element-3dfe2de elementor-widget elementor-widget-image\" data-id=\"3dfe2de\" data-element_type=\"widget\" data-e-type=\"widget\" data-widget_type=\"image.default\">\n\t\t\t\t<div class=\"elementor-widget-container\">\n\t\t\t\t\t\t\t\t\t\t\t\t\t\t\t\t<a href=\"http:\/\/www.valledevida.cl\">\n\t\t\t\t\t\t\t<img loading=\"lazy\" decoding=\"async\" width=\"1024\" height=\"475\" src=\"https:\/\/websitechile.cl\/wp-content\/uploads\/2026\/02\/homevalledevida-1024x475.png\" class=\"attachment-large size-large wp-image-1985\" alt=\"\" srcset=\"https:\/\/websitechile.cl\/wp-content\/uploads\/2026\/02\/homevalledevida-1024x475.png 1024w, https:\/\/websitechile.cl\/wp-content\/uploads\/2026\/02\/homevalledevida-300x139.png 300w, https:\/\/websitechile.cl\/wp-content\/uploads\/2026\/02\/homevalledevida-768x356.png 768w, https:\/\/websitechile.cl\/wp-content\/uploads\/2026\/02\/homevalledevida-600x278.png 600w, https:\/\/websitechile.cl\/wp-content\/uploads\/2026\/02\/homevalledevida.png 1366w\" sizes=\"(max-width: 1024px) 100vw, 1024px\" \/>\t\t\t\t\t\t\t\t<\/a>\n\t\t\t\t\t\t\t\t\t\t\t\t\t\t\t<\/div>\n\t\t\t\t<\/div>\n\t\t\t\t<div class=\"elementor-element elementor-element-0789c07 elementor-widget elementor-widget-image\" data-id=\"0789c07\" data-element_type=\"widget\" data-e-type=\"widget\" data-widget_type=\"image.default\">\n\t\t\t\t<div class=\"elementor-widget-container\">\n\t\t\t\t\t\t\t\t\t\t\t\t\t\t\t<img loading=\"lazy\" decoding=\"async\" width=\"768\" height=\"356\" src=\"https:\/\/websitechile.cl\/wp-content\/uploads\/2026\/02\/homekari-768x356.png\" class=\"attachment-medium_large size-medium_large wp-image-2023\" alt=\"\" srcset=\"https:\/\/websitechile.cl\/wp-content\/uploads\/2026\/02\/homekari-768x356.png 768w, https:\/\/websitechile.cl\/wp-content\/uploads\/2026\/02\/homekari-300x139.png 300w, https:\/\/websitechile.cl\/wp-content\/uploads\/2026\/02\/homekari-1024x475.png 1024w, https:\/\/websitechile.cl\/wp-content\/uploads\/2026\/02\/homekari-600x278.png 600w, https:\/\/websitechile.cl\/wp-content\/uploads\/2026\/02\/homekari.png 1366w\" sizes=\"(max-width: 768px) 100vw, 768px\" \/>\t\t\t\t\t\t\t\t\t\t\t\t\t\t\t<\/div>\n\t\t\t\t<\/div>\n\t\t\t\t<div class=\"elementor-element elementor-element-9d5a0bc elementor-widget elementor-widget-image\" data-id=\"9d5a0bc\" data-element_type=\"widget\" data-e-type=\"widget\" data-widget_type=\"image.default\">\n\t\t\t\t<div class=\"elementor-widget-container\">\n\t\t\t\t\t\t\t\t\t\t\t\t\t\t\t\t<a href=\"http:\/\/www.vientotravesiaexpediciones.com\">\n\t\t\t\t\t\t\t<img loading=\"lazy\" decoding=\"async\" width=\"1024\" height=\"475\" src=\"https:\/\/websitechile.cl\/wp-content\/uploads\/2026\/02\/vientohome-1024x475.png\" class=\"attachment-large size-large wp-image-1988\" alt=\"\" srcset=\"https:\/\/websitechile.cl\/wp-content\/uploads\/2026\/02\/vientohome-1024x475.png 1024w, https:\/\/websitechile.cl\/wp-content\/uploads\/2026\/02\/vientohome-300x139.png 300w, https:\/\/websitechile.cl\/wp-content\/uploads\/2026\/02\/vientohome-768x356.png 768w, https:\/\/websitechile.cl\/wp-content\/uploads\/2026\/02\/vientohome-600x278.png 600w, https:\/\/websitechile.cl\/wp-content\/uploads\/2026\/02\/vientohome.png 1366w\" sizes=\"(max-width: 1024px) 100vw, 1024px\" \/>\t\t\t\t\t\t\t\t<\/a>\n\t\t\t\t\t\t\t\t\t\t\t\t\t\t\t<\/div>\n\t\t\t\t<\/div>\n\t\t\t\t<div class=\"elementor-element elementor-element-3983d9e elementor-widget elementor-widget-image\" data-id=\"3983d9e\" data-element_type=\"widget\" data-e-type=\"widget\" data-widget_type=\"image.default\">\n\t\t\t\t<div class=\"elementor-widget-container\">\n\t\t\t\t\t\t\t\t\t\t\t\t\t\t\t\t<a href=\"http:\/\/www.santiagoclimbing.cl\">\n\t\t\t\t\t\t\t<img loading=\"lazy\" decoding=\"async\" width=\"768\" height=\"360\" src=\"https:\/\/websitechile.cl\/wp-content\/uploads\/2024\/10\/santiagoclimbing-768x360.png\" class=\"attachment-medium_large size-medium_large wp-image-1229\" alt=\"\" srcset=\"https:\/\/websitechile.cl\/wp-content\/uploads\/2024\/10\/santiagoclimbing-768x360.png 768w, https:\/\/websitechile.cl\/wp-content\/uploads\/2024\/10\/santiagoclimbing-600x281.png 600w, https:\/\/websitechile.cl\/wp-content\/uploads\/2024\/10\/santiagoclimbing-300x141.png 300w, https:\/\/websitechile.cl\/wp-content\/uploads\/2024\/10\/santiagoclimbing-1024x480.png 1024w, https:\/\/websitechile.cl\/wp-content\/uploads\/2024\/10\/santiagoclimbing.png 1343w\" sizes=\"(max-width: 768px) 100vw, 768px\" \/>\t\t\t\t\t\t\t\t<\/a>\n\t\t\t\t\t\t\t\t\t\t\t\t\t\t\t<\/div>\n\t\t\t\t<\/div>\n\t\t\t\t<div class=\"elementor-element elementor-element-58b45c3 elementor-widget elementor-widget-image\" data-id=\"58b45c3\" data-element_type=\"widget\" data-e-type=\"widget\" data-widget_type=\"image.default\">\n\t\t\t\t<div class=\"elementor-widget-container\">\n\t\t\t\t\t\t\t\t\t\t\t\t\t\t\t\t<a href=\"http:\/\/www.decueroconfecciones.cl\">\n\t\t\t\t\t\t\t<img loading=\"lazy\" decoding=\"async\" width=\"768\" height=\"357\" src=\"https:\/\/websitechile.cl\/wp-content\/uploads\/2024\/10\/Decuero-768x357.png\" class=\"attachment-medium_large size-medium_large wp-image-1107\" alt=\"DeCueroConfecciones una boutique Online de Chaquetas de Cuero\" srcset=\"https:\/\/websitechile.cl\/wp-content\/uploads\/2024\/10\/Decuero-768x357.png 768w, https:\/\/websitechile.cl\/wp-content\/uploads\/2024\/10\/Decuero-600x279.png 600w, https:\/\/websitechile.cl\/wp-content\/uploads\/2024\/10\/Decuero-300x139.png 300w, https:\/\/websitechile.cl\/wp-content\/uploads\/2024\/10\/Decuero-1024x476.png 1024w, https:\/\/websitechile.cl\/wp-content\/uploads\/2024\/10\/Decuero.png 1347w\" sizes=\"(max-width: 768px) 100vw, 768px\" \/>\t\t\t\t\t\t\t\t<\/a>\n\t\t\t\t\t\t\t\t\t\t\t\t\t\t\t<\/div>\n\t\t\t\t<\/div>\n\t\t\t\t<div class=\"elementor-element elementor-element-d765c54 elementor-widget elementor-widget-image\" data-id=\"d765c54\" data-element_type=\"widget\" data-e-type=\"widget\" data-widget_type=\"image.default\">\n\t\t\t\t<div class=\"elementor-widget-container\">\n\t\t\t\t\t\t\t\t\t\t\t\t<figure class=\"wp-caption\">\n\t\t\t\t\t\t\t\t\t\t\t<a href=\"http:\/\/www.silverietta.com\">\n\t\t\t\t\t\t\t<img loading=\"lazy\" decoding=\"async\" width=\"768\" height=\"360\" src=\"https:\/\/websitechile.cl\/wp-content\/uploads\/2024\/10\/silverietta-768x360.png\" class=\"attachment-medium_large size-medium_large wp-image-1298\" alt=\"\" srcset=\"https:\/\/websitechile.cl\/wp-content\/uploads\/2024\/10\/silverietta-768x360.png 768w, https:\/\/websitechile.cl\/wp-content\/uploads\/2024\/10\/silverietta-600x281.png 600w, https:\/\/websitechile.cl\/wp-content\/uploads\/2024\/10\/silverietta-300x141.png 300w, https:\/\/websitechile.cl\/wp-content\/uploads\/2024\/10\/silverietta-1024x480.png 1024w, https:\/\/websitechile.cl\/wp-content\/uploads\/2024\/10\/silverietta.png 1344w\" sizes=\"(max-width: 768px) 100vw, 768px\" \/>\t\t\t\t\t\t\t\t<\/a>\n\t\t\t\t\t\t\t\t\t\t\t<figcaption class=\"widget-image-caption wp-caption-text\"><\/figcaption>\n\t\t\t\t\t\t\t\t\t\t<\/figure>\n\t\t\t\t\t\t\t\t\t<\/div>\n\t\t\t\t<\/div>\n\t\t\t\t<div class=\"elementor-element elementor-element-9143007 elementor-widget elementor-widget-image\" data-id=\"9143007\" data-element_type=\"widget\" data-e-type=\"widget\" data-widget_type=\"image.default\">\n\t\t\t\t<div class=\"elementor-widget-container\">\n\t\t\t\t\t\t\t\t\t\t\t\t\t\t\t\t<a href=\"http:\/\/www.mallbits.cl\">\n\t\t\t\t\t\t\t<img loading=\"lazy\" decoding=\"async\" width=\"300\" height=\"168\" src=\"https:\/\/websitechile.cl\/wp-content\/uploads\/2024\/10\/mallbits.jpg\" class=\"attachment-medium_large size-medium_large wp-image-1337\" alt=\"\" \/>\t\t\t\t\t\t\t\t<\/a>\n\t\t\t\t\t\t\t\t\t\t\t\t\t\t\t<\/div>\n\t\t\t\t<\/div>\n\t\t<div class=\"elementor-element elementor-element-d49971b e-con-full e-flex e-con e-child\" data-id=\"d49971b\" data-element_type=\"container\" data-e-type=\"container\">\n\t\t\t\t<div class=\"elementor-element elementor-element-b9aded7 elementor-widget elementor-widget-heading\" data-id=\"b9aded7\" data-element_type=\"widget\" data-e-type=\"widget\" data-widget_type=\"heading.default\">\n\t\t\t\t<div class=\"elementor-widget-container\">\n\t\t\t\t\t<h2 class=\"elementor-heading-title elementor-size-default\"><a href=\"http:\/\/www.websitechile.cl\">Ver m\u00e1s...<\/a><\/h2>\t\t\t\t<\/div>\n\t\t\t\t<\/div>\n\t\t\t\t<\/div>\n\t\t<div class=\"elementor-element elementor-element-b30f221 e-con-full e-flex e-con e-child\" data-id=\"b30f221\" data-element_type=\"container\" data-e-type=\"container\">\n\t\t\t\t<\/div>\n\t\t\t\t\t<\/div>\n\t\t\t\t<\/div>\n\t\t<div class=\"elementor-element elementor-element-4f22681 e-flex e-con-boxed e-con e-parent\" data-id=\"4f22681\" data-element_type=\"container\" data-e-type=\"container\">\n\t\t\t\t\t<div class=\"e-con-inner\">\n\t\t\t\t<div class=\"elementor-element elementor-element-20f6e50 elementor-widget elementor-widget-spacer\" data-id=\"20f6e50\" data-element_type=\"widget\" data-e-type=\"widget\" data-widget_type=\"spacer.default\">\n\t\t\t\t<div class=\"elementor-widget-container\">\n\t\t\t\t\t\t\t<div class=\"elementor-spacer\">\n\t\t\t<div class=\"elementor-spacer-inner\"><\/div>\n\t\t<\/div>\n\t\t\t\t\t\t<\/div>\n\t\t\t\t<\/div>\n\t\t\t\t\t<\/div>\n\t\t\t\t<\/div>\n\t\t\t\t<\/div>\n\t\t","protected":false},"excerpt":{"rendered":"","protected":false},"author":1,"featured_media":0,"parent":0,"menu_order":0,"comment_status":"open","ping_status":"closed","template":"elementor_header_footer","meta":{"site-sidebar-layout":"no-sidebar","site-content-layout":"","ast-site-content-layout":"full-width-container","site-content-style":"default","site-sidebar-style":"default","ast-global-header-display":"","ast-banner-title-visibility":"","ast-main-header-display":"","ast-hfb-above-header-display":"","ast-hfb-below-header-display":"","ast-hfb-mobile-header-display":"","site-post-title":"disabled","ast-breadcrumbs-content":"","ast-featured-img":"disabled","footer-sml-layout":"","theme-transparent-header-meta":"","adv-header-id-meta":"","stick-header-meta":"","header-above-stick-meta":"","header-main-stick-meta":"","header-below-stick-meta":"","astra-migrate-meta-layouts":"default","ast-page-background-enabled":"default","ast-page-background-meta":{"desktop":{"background-color":"var(--ast-global-color-4)","background-image":"","background-repeat":"repeat","background-position":"center center","background-size":"auto","background-attachment":"scroll","background-type":"","background-media":"","overlay-type":"","overlay-color":"","overlay-opacity":"","overlay-gradient":""},"tablet":{"background-color":"","background-image":"","background-repeat":"repeat","background-position":"center center","background-size":"auto","background-attachment":"scroll","background-type":"","background-media":"","overlay-type":"","overlay-color":"","overlay-opacity":"","overlay-gradient":""},"mobile":{"background-color":"","background-image":"","background-repeat":"repeat","background-position":"center center","background-size":"auto","background-attachment":"scroll","background-type":"","background-media":"","overlay-type":"","overlay-color":"","overlay-opacity":"","overlay-gradient":""}},"ast-content-background-meta":{"desktop":{"background-color":"var(--ast-global-color-5)","background-image":"","background-repeat":"repeat","background-position":"center center","background-size":"auto","background-attachment":"scroll","background-type":"","background-media":"","overlay-type":"","overlay-color":"","overlay-opacity":"","overlay-gradient":""},"tablet":{"background-color":"var(--ast-global-color-5)","background-image":"","background-repeat":"repeat","background-position":"center center","background-size":"auto","background-attachment":"scroll","background-type":"","background-media":"","overlay-type":"","overlay-color":"","overlay-opacity":"","overlay-gradient":""},"mobile":{"background-color":"var(--ast-global-color-5)","background-image":"","background-repeat":"repeat","background-position":"center center","background-size":"auto","background-attachment":"scroll","background-type":"","background-media":"","overlay-type":"","overlay-color":"","overlay-opacity":"","overlay-gradient":""}},"footnotes":""},"class_list":["post-406","page","type-page","status-publish","hentry"],"jetpack_sharing_enabled":true,"_links":{"self":[{"href":"https:\/\/websitechile.cl\/index.php\/wp-json\/wp\/v2\/pages\/406","targetHints":{"allow":["GET"]}}],"collection":[{"href":"https:\/\/websitechile.cl\/index.php\/wp-json\/wp\/v2\/pages"}],"about":[{"href":"https:\/\/websitechile.cl\/index.php\/wp-json\/wp\/v2\/types\/page"}],"author":[{"embeddable":true,"href":"https:\/\/websitechile.cl\/index.php\/wp-json\/wp\/v2\/users\/1"}],"replies":[{"embeddable":true,"href":"https:\/\/websitechile.cl\/index.php\/wp-json\/wp\/v2\/comments?post=406"}],"version-history":[{"count":278,"href":"https:\/\/websitechile.cl\/index.php\/wp-json\/wp\/v2\/pages\/406\/revisions"}],"predecessor-version":[{"id":2036,"href":"https:\/\/websitechile.cl\/index.php\/wp-json\/wp\/v2\/pages\/406\/revisions\/2036"}],"wp:attachment":[{"href":"https:\/\/websitechile.cl\/index.php\/wp-json\/wp\/v2\/media?parent=406"}],"curies":[{"name":"wp","href":"https:\/\/api.w.org\/{rel}","templated":true}]}}