{"id":31,"date":"2024-06-28T16:11:01","date_gmt":"2024-06-28T16:11:01","guid":{"rendered":"https:\/\/websitechile.cl\/?page_id=31"},"modified":"2026-03-11T09:31:47","modified_gmt":"2026-03-11T09:31:47","slug":"quienes-somos","status":"publish","type":"page","link":"https:\/\/websitechile.cl\/index.php\/quienes-somos\/","title":{"rendered":"Acerca de"},"content":{"rendered":"\t\t<div data-elementor-type=\"wp-page\" data-elementor-id=\"31\" class=\"elementor elementor-31\">\n\t\t\t\t<div class=\"elementor-element elementor-element-efd7a6a e-con-full e-flex e-con e-parent\" data-id=\"efd7a6a\" data-element_type=\"container\" data-e-type=\"container\" data-settings=\"{&quot;position&quot;:&quot;fixed&quot;}\">\n\t\t\t\t<\/div>\n\t\t<div class=\"elementor-element elementor-element-fbe5b95 e-con-full e-flex e-con e-parent\" data-id=\"fbe5b95\" data-element_type=\"container\" data-e-type=\"container\" data-settings=\"{&quot;background_background&quot;:&quot;classic&quot;,&quot;position&quot;:&quot;fixed&quot;}\">\n\t\t\t\t<\/div>\n\t\t<div class=\"elementor-element elementor-element-4c563d5 e-flex e-con-boxed e-con e-parent\" data-id=\"4c563d5\" data-element_type=\"container\" data-e-type=\"container\">\n\t\t\t\t\t<div class=\"e-con-inner\">\n\t\t\t\t\t<\/div>\n\t\t\t\t<\/div>\n\t\t<div class=\"elementor-element elementor-element-a861d33 e-flex e-con-boxed e-con e-parent\" data-id=\"a861d33\" data-element_type=\"container\" data-e-type=\"container\">\n\t\t\t\t\t<div class=\"e-con-inner\">\n\t\t\t\t<div class=\"elementor-element elementor-element-33083f0 elementor-widget elementor-widget-text-editor\" data-id=\"33083f0\" data-element_type=\"widget\" data-e-type=\"widget\" data-widget_type=\"text-editor.default\">\n\t\t\t\t<div class=\"elementor-widget-container\">\n\t\t\t\t\t\t\t\t\t<p>\u00a0 \u00a0 QUI\u00c9NES SOMOS<\/p>\t\t\t\t\t\t\t\t<\/div>\n\t\t\t\t<\/div>\n\t\t\t\t\t<\/div>\n\t\t\t\t<\/div>\n\t\t<div class=\"elementor-element elementor-element-28e0b0b e-flex e-con-boxed e-con e-parent\" data-id=\"28e0b0b\" data-element_type=\"container\" data-e-type=\"container\">\n\t\t\t\t\t<div class=\"e-con-inner\">\n\t\t<div class=\"elementor-element elementor-element-2a7f1b3 e-con-full e-flex e-con e-child\" data-id=\"2a7f1b3\" data-element_type=\"container\" data-e-type=\"container\">\n\t\t\t\t<div class=\"elementor-element elementor-element-5cd4212 elementor-widget elementor-widget-heading\" data-id=\"5cd4212\" data-element_type=\"widget\" data-e-type=\"widget\" data-widget_type=\"heading.default\">\n\t\t\t\t<div class=\"elementor-widget-container\">\n\t\t\t\t\t<h1 class=\"elementor-heading-title elementor-size-default\">Una agencia que te hace crecer<\/h1>\t\t\t\t<\/div>\n\t\t\t\t<\/div>\n\t\t\t\t<\/div>\n\t\t<div class=\"elementor-element elementor-element-e076a9c e-con-full e-flex e-con e-child\" data-id=\"e076a9c\" data-element_type=\"container\" data-e-type=\"container\">\n\t\t\t\t<div class=\"elementor-element elementor-element-8804ce4 elementor-widget elementor-widget-text-editor\" data-id=\"8804ce4\" data-element_type=\"widget\" data-e-type=\"widget\" data-widget_type=\"text-editor.default\">\n\t\t\t\t<div class=\"elementor-widget-container\">\n\t\t\t\t\t\t\t\t\t<h5>Bienvenidos a WebsiteChile.cl, tu aliado en el mundo digital. Somos una empresa dedicada a la creaci\u00f3n de p\u00e1ginas web para pymes y empresas, utilizando WordPress y diversos lenguajes de programaci\u00f3n para ofrecer soluciones a medida y de alta calidad.<\/h5>\n<h5>Nacimos en 2024 con el prop\u00f3sito de ayudar a negocios de todos los tama\u00f1os a tener una presencia en l\u00ednea efectiva y profesional. Nos enorgullece ser una empresa liderada por mujeres, con un equipo conformado por Milena Andrew&nbsp; nuestra talentosa Programadora, Francisca Zamora nuestra creativa Dise\u00f1adora Industrial y Tania Menco Dise\u00f1adora Web y experta en Comercio Electr\u00f3nico. Combinamos nuestras habilidades y pasi\u00f3n por la tecnolog\u00eda para transformar tus ideas en realidad.<\/h5>\t\t\t\t\t\t\t\t<\/div>\n\t\t\t\t<\/div>\n\t\t\t\t<\/div>\n\t\t\t\t\t<\/div>\n\t\t\t\t<\/div>\n\t\t<div class=\"elementor-element elementor-element-aa1fd24 e-flex e-con-boxed e-con e-parent\" data-id=\"aa1fd24\" data-element_type=\"container\" data-e-type=\"container\">\n\t\t\t\t\t<div class=\"e-con-inner\">\n\t\t<div class=\"elementor-element elementor-element-8aaf4d5 e-con-full e-flex e-con e-child\" data-id=\"8aaf4d5\" data-element_type=\"container\" data-e-type=\"container\">\n\t\t\t\t<div class=\"elementor-element elementor-element-f5747be elementor-widget elementor-widget-heading\" data-id=\"f5747be\" data-element_type=\"widget\" data-e-type=\"widget\" data-widget_type=\"heading.default\">\n\t\t\t\t<div class=\"elementor-widget-container\">\n\t\t\t\t\t<h2 class=\"elementor-heading-title elementor-size-default\">\u00bfPor qu\u00e9 elegirnos?<\/h2>\t\t\t\t<\/div>\n\t\t\t\t<\/div>\n\t\t\t\t<\/div>\n\t\t\t\t\t<\/div>\n\t\t\t\t<\/div>\n\t\t<div class=\"elementor-element elementor-element-355b131 e-grid e-con-boxed e-con e-parent\" data-id=\"355b131\" data-element_type=\"container\" data-e-type=\"container\" data-settings=\"{&quot;background_background&quot;:&quot;classic&quot;}\">\n\t\t\t\t\t<div class=\"e-con-inner\">\n\t\t\t\t<div class=\"elementor-element elementor-element-cc6b4f6 elementor-widget elementor-widget-text-editor\" data-id=\"cc6b4f6\" data-element_type=\"widget\" data-e-type=\"widget\" data-widget_type=\"text-editor.default\">\n\t\t\t\t<div class=\"elementor-widget-container\">\n\t\t\t\t\t\t\t\t\t<h2 class=\"wp-block-heading\"><img decoding=\"async\" class=\"wp-image-162\" style=\"font-size: 16px; font-style: inherit; font-weight: inherit;\" src=\"https:\/\/websitechile.cl\/wp-content\/themes\/astra\/inc\/assets\/images\/starter-content\/passionate.svg\" alt=\"\" \/><\/h2>\n<h3 class=\"wp-block-heading\" style=\"margin-top: 16px;\">Apasionadas<\/h3>\n<p><!-- \/wp:heading --><\/p>\n<p><!-- wp:paragraph --><\/p>\n<p>Nos dedicamos con pasi\u00f3n y creatividad a cada proyecto, asegurando resultados \u00fanicos.<\/p>\n<div class=\"wp-block-columns\" style=\"margin-top: 60px;\">\n<div class=\"wp-block-column\">\n<p><!-- \/wp:image --><\/p>\n<p><!-- wp:heading {\"level\":3,\"style\":{\"spacing\":{\"margin\":{\"top\":\"16px\"}}}} --><\/p>\n<p>\u00a0<\/p>\n<\/div>\n<\/div>\t\t\t\t\t\t\t\t<\/div>\n\t\t\t\t<\/div>\n\t\t\t\t<div class=\"elementor-element elementor-element-06d76bf elementor-widget elementor-widget-text-editor\" data-id=\"06d76bf\" data-element_type=\"widget\" data-e-type=\"widget\" data-widget_type=\"text-editor.default\">\n\t\t\t\t<div class=\"elementor-widget-container\">\n\t\t\t\t\t\t\t\t\t<div class=\"wp-block-column\">\n<p><img decoding=\"async\" class=\"wp-image-163\" style=\"font-style: inherit; font-weight: inherit;\" src=\"https:\/\/websitechile.cl\/wp-content\/themes\/astra\/inc\/assets\/images\/starter-content\/professional.svg\" alt=\"\" \/><\/p>\n<\/div>\n<div class=\"wp-block-column\">\n<p><!-- \/wp:image --><\/p>\n<p><!-- wp:heading {\"level\":3,\"style\":{\"spacing\":{\"margin\":{\"top\":\"16px\"}}}} --><\/p>\n<h3 class=\"wp-block-heading\" style=\"margin-top: 16px;\">Profesionales<\/h3>\n<p><!-- \/wp:heading --><\/p>\n<p><!-- wp:paragraph --><\/p>\n<p>Contamos con un equipo experto en dise\u00f1o web y desarrollo, garantizando calidad y eficiencia.<\/p>\n<\/div>\t\t\t\t\t\t\t\t<\/div>\n\t\t\t\t<\/div>\n\t\t\t\t<div class=\"elementor-element elementor-element-1ee991a elementor-widget elementor-widget-text-editor\" data-id=\"1ee991a\" data-element_type=\"widget\" data-e-type=\"widget\" data-widget_type=\"text-editor.default\">\n\t\t\t\t<div class=\"elementor-widget-container\">\n\t\t\t\t\t\t\t\t\t<div class=\"wp-block-column\">\n<p><img decoding=\"async\" class=\"wp-image-164\" style=\"font-style: inherit; font-weight: inherit;\" src=\"https:\/\/websitechile.cl\/wp-content\/themes\/astra\/inc\/assets\/images\/starter-content\/support.svg\" alt=\"\" \/><\/p>\n<\/div>\n<div class=\"wp-block-column\">\n<p><!-- \/wp:image --><\/p>\n<p><!-- wp:heading {\"level\":3,\"style\":{\"spacing\":{\"margin\":{\"top\":\"16px\"}}}} --><\/p>\n<h3 class=\"wp-block-heading\" style=\"margin-top: 16px;\">Soporte<\/h3>\n<p><!-- \/wp:heading --><\/p>\n<p><!-- wp:paragraph --><\/p>\n<p>Ofrecemos soporte continuo para mantener tu sitio siempre en \u00f3ptimas condiciones.<\/p>\n<\/div>\t\t\t\t\t\t\t\t<\/div>\n\t\t\t\t<\/div>\n\t\t\t\t\t<\/div>\n\t\t\t\t<\/div>\n\t\t<div class=\"elementor-element elementor-element-5e93dd9 e-flex e-con-boxed e-con e-parent\" data-id=\"5e93dd9\" data-element_type=\"container\" data-e-type=\"container\">\n\t\t\t\t\t<div class=\"e-con-inner\">\n\t\t\t\t<div class=\"elementor-element elementor-element-ef54c00 elementor-widget elementor-widget-text-editor\" data-id=\"ef54c00\" data-element_type=\"widget\" data-e-type=\"widget\" data-widget_type=\"text-editor.default\">\n\t\t\t\t<div class=\"elementor-widget-container\">\n\t\t\t\t\t\t\t\t\t<p>\u00a0 \u00a0 QUI\u00c9NES SOMOS<\/p>\t\t\t\t\t\t\t\t<\/div>\n\t\t\t\t<\/div>\n\t\t\t\t\t<\/div>\n\t\t\t\t<\/div>\n\t\t<div class=\"elementor-element elementor-element-4843aa5 e-flex e-con-boxed e-con e-parent\" data-id=\"4843aa5\" data-element_type=\"container\" data-e-type=\"container\">\n\t\t\t\t\t<div class=\"e-con-inner\">\n\t\t<div class=\"elementor-element elementor-element-8c10360 e-con-full e-flex e-con e-child\" data-id=\"8c10360\" data-element_type=\"container\" data-e-type=\"container\">\n\t\t\t\t<div class=\"elementor-element elementor-element-947f2aa elementor-widget elementor-widget-heading\" data-id=\"947f2aa\" data-element_type=\"widget\" data-e-type=\"widget\" data-widget_type=\"heading.default\">\n\t\t\t\t<div class=\"elementor-widget-container\">\n\t\t\t\t\t<h1 class=\"elementor-heading-title elementor-size-default\">Una agencia que cree en tus sue\u00f1os<\/h1>\t\t\t\t<\/div>\n\t\t\t\t<\/div>\n\t\t\t\t<\/div>\n\t\t<div class=\"elementor-element elementor-element-db099b8 e-con-full e-flex e-con e-child\" data-id=\"db099b8\" data-element_type=\"container\" data-e-type=\"container\">\n\t\t\t\t<div class=\"elementor-element elementor-element-25ee10d elementor-widget elementor-widget-text-editor\" data-id=\"25ee10d\" data-element_type=\"widget\" data-e-type=\"widget\" data-widget_type=\"text-editor.default\">\n\t\t\t\t<div class=\"elementor-widget-container\">\n\t\t\t\t\t\t\t\t\t<h5>Ubicadas en<strong> Santiago<\/strong>, <strong>Regi\u00f3n Metropolitana<\/strong>, hemos tenido el privilegio de colaborar con diversas empresas, creando p\u00e1ginas web que no solo destacan por su dise\u00f1o, sino tambi\u00e9n por su funcionalidad y rendimiento.<\/h5><h5>En Website Chile, entendemos que cada negocio es \u00fanico y nos comprometemos a ofrecer soluciones personalizadas que se adapten a las necesidades espec\u00edficas de nuestros clientes. Nuestro objetivo es ayudarte a crecer y destacarte en el competitivo mundo digital.<\/h5>\t\t\t\t\t\t\t\t<\/div>\n\t\t\t\t<\/div>\n\t\t\t\t<\/div>\n\t\t\t\t\t<\/div>\n\t\t\t\t<\/div>\n\t\t\t\t<\/div>\n\t\t","protected":false},"excerpt":{"rendered":"","protected":false},"author":1,"featured_media":0,"parent":0,"menu_order":0,"comment_status":"closed","ping_status":"closed","template":"","meta":{"site-sidebar-layout":"default","site-content-layout":"","ast-site-content-layout":"","site-content-style":"default","site-sidebar-style":"default","ast-global-header-display":"","ast-banner-title-visibility":"","ast-main-header-display":"","ast-hfb-above-header-display":"","ast-hfb-below-header-display":"","ast-hfb-mobile-header-display":"","site-post-title":"","ast-breadcrumbs-content":"","ast-featured-img":"","footer-sml-layout":"","theme-transparent-header-meta":"","adv-header-id-meta":"","stick-header-meta":"","header-above-stick-meta":"","header-main-stick-meta":"","header-below-stick-meta":"","astra-migrate-meta-layouts":"default","ast-page-background-enabled":"default","ast-page-background-meta":{"desktop":{"background-color":"var(--ast-global-color-4)","background-image":"","background-repeat":"repeat","background-position":"center center","background-size":"auto","background-attachment":"scroll","background-type":"","background-media":"","overlay-type":"","overlay-color":"","overlay-opacity":"","overlay-gradient":""},"tablet":{"background-color":"","background-image":"","background-repeat":"repeat","background-position":"center center","background-size":"auto","background-attachment":"scroll","background-type":"","background-media":"","overlay-type":"","overlay-color":"","overlay-opacity":"","overlay-gradient":""},"mobile":{"background-color":"","background-image":"","background-repeat":"repeat","background-position":"center center","background-size":"auto","background-attachment":"scroll","background-type":"","background-media":"","overlay-type":"","overlay-color":"","overlay-opacity":"","overlay-gradient":""}},"ast-content-background-meta":{"desktop":{"background-color":"var(--ast-global-color-5)","background-image":"","background-repeat":"repeat","background-position":"center center","background-size":"auto","background-attachment":"scroll","background-type":"","background-media":"","overlay-type":"","overlay-color":"","overlay-opacity":"","overlay-gradient":""},"tablet":{"background-color":"var(--ast-global-color-5)","background-image":"","background-repeat":"repeat","background-position":"center center","background-size":"auto","background-attachment":"scroll","background-type":"","background-media":"","overlay-type":"","overlay-color":"","overlay-opacity":"","overlay-gradient":""},"mobile":{"background-color":"var(--ast-global-color-5)","background-image":"","background-repeat":"repeat","background-position":"center center","background-size":"auto","background-attachment":"scroll","background-type":"","background-media":"","overlay-type":"","overlay-color":"","overlay-opacity":"","overlay-gradient":""}},"footnotes":""},"class_list":["post-31","page","type-page","status-publish","hentry"],"jetpack_sharing_enabled":true,"_links":{"self":[{"href":"https:\/\/websitechile.cl\/index.php\/wp-json\/wp\/v2\/pages\/31","targetHints":{"allow":["GET"]}}],"collection":[{"href":"https:\/\/websitechile.cl\/index.php\/wp-json\/wp\/v2\/pages"}],"about":[{"href":"https:\/\/websitechile.cl\/index.php\/wp-json\/wp\/v2\/types\/page"}],"author":[{"embeddable":true,"href":"https:\/\/websitechile.cl\/index.php\/wp-json\/wp\/v2\/users\/1"}],"replies":[{"embeddable":true,"href":"https:\/\/websitechile.cl\/index.php\/wp-json\/wp\/v2\/comments?post=31"}],"version-history":[{"count":192,"href":"https:\/\/websitechile.cl\/index.php\/wp-json\/wp\/v2\/pages\/31\/revisions"}],"predecessor-version":[{"id":2037,"href":"https:\/\/websitechile.cl\/index.php\/wp-json\/wp\/v2\/pages\/31\/revisions\/2037"}],"wp:attachment":[{"href":"https:\/\/websitechile.cl\/index.php\/wp-json\/wp\/v2\/media?parent=31"}],"curies":[{"name":"wp","href":"https:\/\/api.w.org\/{rel}","templated":true}]}}