{"id":1209,"date":"2024-10-19T13:46:23","date_gmt":"2024-10-19T13:46:23","guid":{"rendered":"https:\/\/websitechile.cl\/?page_id=1209"},"modified":"2024-10-19T19:46:28","modified_gmt":"2024-10-19T19:46:28","slug":"servicios","status":"publish","type":"page","link":"https:\/\/websitechile.cl\/index.php\/servicios\/","title":{"rendered":"Servicios"},"content":{"rendered":"\t\t<div data-elementor-type=\"wp-page\" data-elementor-id=\"1209\" class=\"elementor elementor-1209\">\n\t\t\t\t<div class=\"elementor-element elementor-element-ca9c1a9 e-flex e-con-boxed e-con e-parent\" data-id=\"ca9c1a9\" data-element_type=\"container\" data-e-type=\"container\" data-settings=\"{&quot;background_background&quot;:&quot;classic&quot;}\">\n\t\t\t\t\t<div class=\"e-con-inner\">\n\t\t\t\t<div class=\"elementor-element elementor-element-9a9e9a4 elementor-widget elementor-widget-spacer\" data-id=\"9a9e9a4\" data-element_type=\"widget\" data-e-type=\"widget\" data-widget_type=\"spacer.default\">\n\t\t\t\t<div class=\"elementor-widget-container\">\n\t\t\t\t\t\t\t<div class=\"elementor-spacer\">\n\t\t\t<div class=\"elementor-spacer-inner\"><\/div>\n\t\t<\/div>\n\t\t\t\t\t\t<\/div>\n\t\t\t\t<\/div>\n\t\t\t\t\t<\/div>\n\t\t\t\t<\/div>\n\t\t<div class=\"elementor-element elementor-element-999fec0 e-flex e-con-boxed e-con e-parent\" data-id=\"999fec0\" data-element_type=\"container\" data-e-type=\"container\" data-settings=\"{&quot;background_background&quot;:&quot;classic&quot;}\">\n\t\t\t\t\t<div class=\"e-con-inner\">\n\t\t\t\t<div class=\"elementor-element elementor-element-0659171 elementor-widget elementor-widget-text-editor\" data-id=\"0659171\" data-element_type=\"widget\" data-e-type=\"widget\" data-widget_type=\"text-editor.default\">\n\t\t\t\t<div class=\"elementor-widget-container\">\n\t\t\t\t\t\t\t\t\t<h6><span style=\"font-weight: normal; color: #808080;\">\u00a1BIENVENIDOS A WEBSITECHILE.CL!<\/span><\/h6>\t\t\t\t\t\t\t\t<\/div>\n\t\t\t\t<\/div>\n\t\t\t\t\t<\/div>\n\t\t\t\t<\/div>\n\t\t<div class=\"elementor-element elementor-element-32f5a06 e-flex e-con-boxed e-con e-parent\" data-id=\"32f5a06\" data-element_type=\"container\" data-e-type=\"container\" data-settings=\"{&quot;background_background&quot;:&quot;classic&quot;}\">\n\t\t\t\t\t<div class=\"e-con-inner\">\n\t\t\t\t<div class=\"elementor-element elementor-element-4ef9027 elementor-widget elementor-widget-heading\" data-id=\"4ef9027\" data-element_type=\"widget\" data-e-type=\"widget\" data-widget_type=\"heading.default\">\n\t\t\t\t<div class=\"elementor-widget-container\">\n\t\t\t\t\t<h2 class=\"elementor-heading-title elementor-size-default\">Servicios <\/h2>\t\t\t\t<\/div>\n\t\t\t\t<\/div>\n\t\t\t\t\t<\/div>\n\t\t\t\t<\/div>\n\t\t<div class=\"elementor-element elementor-element-4a6dfc6 e-flex e-con-boxed e-con e-parent\" data-id=\"4a6dfc6\" data-element_type=\"container\" data-e-type=\"container\" data-settings=\"{&quot;background_background&quot;:&quot;classic&quot;}\">\n\t\t\t\t\t<div class=\"e-con-inner\">\n\t\t\t\t<div class=\"elementor-element elementor-element-f6b4a88 elementor-widget elementor-widget-text-editor\" data-id=\"f6b4a88\" data-element_type=\"widget\" data-e-type=\"widget\" data-widget_type=\"text-editor.default\">\n\t\t\t\t<div class=\"elementor-widget-container\">\n\t\t\t\t\t\t\t\t\t<h5><br \/>En WebsiteChile ofrecemos una gama completa de servicios digitales dise\u00f1ados para llevar tu negocio al siguiente nivel. Nuestra misi\u00f3n es brindarte soluciones tecnol\u00f3gicas personalizadas que te ayuden a destacar en el mundo digital.<\/h5>\t\t\t\t\t\t\t\t<\/div>\n\t\t\t\t<\/div>\n\t\t\t\t\t<\/div>\n\t\t\t\t<\/div>\n\t\t<div class=\"elementor-element elementor-element-775e78a e-flex e-con-boxed e-con e-parent\" data-id=\"775e78a\" data-element_type=\"container\" data-e-type=\"container\" data-settings=\"{&quot;background_background&quot;:&quot;classic&quot;}\">\n\t\t\t\t\t<div class=\"e-con-inner\">\n\t\t<div class=\"elementor-element elementor-element-f16ca5d e-con-full e-flex e-con e-child\" data-id=\"f16ca5d\" data-element_type=\"container\" data-e-type=\"container\">\n\t\t\t\t<div class=\"elementor-element elementor-element-e98eb96 elementor-hidden-tablet elementor-hidden-mobile elementor-widget elementor-widget-image\" data-id=\"e98eb96\" data-element_type=\"widget\" data-e-type=\"widget\" data-widget_type=\"image.default\">\n\t\t\t\t<div class=\"elementor-widget-container\">\n\t\t\t\t\t\t\t\t\t\t\t\t\t\t\t<img fetchpriority=\"high\" decoding=\"async\" width=\"1024\" height=\"1024\" src=\"https:\/\/websitechile.cl\/wp-content\/uploads\/2024\/06\/DALL\u00b7E-2024-06-28-13.18.29-Create-a-clean-and-minimalist-image-to-represent-Web-Page-Development-in-a-style-similar-to-the-uploaded-image.-Use-vibrant-colors-and-a-simple-icon-o.webp\" class=\"attachment-large size-large wp-image-63\" alt=\"\" srcset=\"https:\/\/websitechile.cl\/wp-content\/uploads\/2024\/06\/DALL\u00b7E-2024-06-28-13.18.29-Create-a-clean-and-minimalist-image-to-represent-Web-Page-Development-in-a-style-similar-to-the-uploaded-image.-Use-vibrant-colors-and-a-simple-icon-o.webp 1024w, https:\/\/websitechile.cl\/wp-content\/uploads\/2024\/06\/DALL\u00b7E-2024-06-28-13.18.29-Create-a-clean-and-minimalist-image-to-represent-Web-Page-Development-in-a-style-similar-to-the-uploaded-image.-Use-vibrant-colors-and-a-simple-icon-o-300x300.webp 300w, https:\/\/websitechile.cl\/wp-content\/uploads\/2024\/06\/DALL\u00b7E-2024-06-28-13.18.29-Create-a-clean-and-minimalist-image-to-represent-Web-Page-Development-in-a-style-similar-to-the-uploaded-image.-Use-vibrant-colors-and-a-simple-icon-o-100x100.webp 100w, https:\/\/websitechile.cl\/wp-content\/uploads\/2024\/06\/DALL\u00b7E-2024-06-28-13.18.29-Create-a-clean-and-minimalist-image-to-represent-Web-Page-Development-in-a-style-similar-to-the-uploaded-image.-Use-vibrant-colors-and-a-simple-icon-o-600x600.webp 600w, https:\/\/websitechile.cl\/wp-content\/uploads\/2024\/06\/DALL\u00b7E-2024-06-28-13.18.29-Create-a-clean-and-minimalist-image-to-represent-Web-Page-Development-in-a-style-similar-to-the-uploaded-image.-Use-vibrant-colors-and-a-simple-icon-o-150x150.webp 150w, https:\/\/websitechile.cl\/wp-content\/uploads\/2024\/06\/DALL\u00b7E-2024-06-28-13.18.29-Create-a-clean-and-minimalist-image-to-represent-Web-Page-Development-in-a-style-similar-to-the-uploaded-image.-Use-vibrant-colors-and-a-simple-icon-o-768x768.webp 768w\" sizes=\"(max-width: 1024px) 100vw, 1024px\" \/>\t\t\t\t\t\t\t\t\t\t\t\t\t\t\t<\/div>\n\t\t\t\t<\/div>\n\t\t\t\t<\/div>\n\t\t<div class=\"elementor-element elementor-element-a535384 e-con-full e-flex e-con e-child\" data-id=\"a535384\" data-element_type=\"container\" data-e-type=\"container\">\n\t\t\t\t<div class=\"elementor-element elementor-element-abecb9f elementor-hidden-tablet elementor-hidden-mobile elementor-widget elementor-widget-image\" data-id=\"abecb9f\" data-element_type=\"widget\" data-e-type=\"widget\" data-widget_type=\"image.default\">\n\t\t\t\t<div class=\"elementor-widget-container\">\n\t\t\t\t\t\t\t\t\t\t\t\t\t\t\t<img decoding=\"async\" width=\"1024\" height=\"1024\" src=\"https:\/\/websitechile.cl\/wp-content\/uploads\/2024\/10\/tiendas.webp\" class=\"attachment-large size-large wp-image-1211\" alt=\"\" srcset=\"https:\/\/websitechile.cl\/wp-content\/uploads\/2024\/10\/tiendas.webp 1024w, https:\/\/websitechile.cl\/wp-content\/uploads\/2024\/10\/tiendas-300x300.webp 300w, https:\/\/websitechile.cl\/wp-content\/uploads\/2024\/10\/tiendas-100x100.webp 100w, https:\/\/websitechile.cl\/wp-content\/uploads\/2024\/10\/tiendas-600x600.webp 600w, https:\/\/websitechile.cl\/wp-content\/uploads\/2024\/10\/tiendas-150x150.webp 150w, https:\/\/websitechile.cl\/wp-content\/uploads\/2024\/10\/tiendas-768x768.webp 768w\" sizes=\"(max-width: 1024px) 100vw, 1024px\" \/>\t\t\t\t\t\t\t\t\t\t\t\t\t\t\t<\/div>\n\t\t\t\t<\/div>\n\t\t\t\t<\/div>\n\t\t<div class=\"elementor-element elementor-element-c5df592 e-con-full e-flex e-con e-child\" data-id=\"c5df592\" data-element_type=\"container\" data-e-type=\"container\">\n\t\t\t\t<div class=\"elementor-element elementor-element-198c0e4 elementor-hidden-tablet elementor-hidden-mobile elementor-widget elementor-widget-image\" data-id=\"198c0e4\" data-element_type=\"widget\" data-e-type=\"widget\" data-widget_type=\"image.default\">\n\t\t\t\t<div class=\"elementor-widget-container\">\n\t\t\t\t\t\t\t\t\t\t\t\t\t\t\t<img decoding=\"async\" width=\"1024\" height=\"1024\" src=\"https:\/\/websitechile.cl\/wp-content\/uploads\/2024\/10\/app.webp\" class=\"attachment-large size-large wp-image-1212\" alt=\"\" srcset=\"https:\/\/websitechile.cl\/wp-content\/uploads\/2024\/10\/app.webp 1024w, https:\/\/websitechile.cl\/wp-content\/uploads\/2024\/10\/app-300x300.webp 300w, https:\/\/websitechile.cl\/wp-content\/uploads\/2024\/10\/app-100x100.webp 100w, https:\/\/websitechile.cl\/wp-content\/uploads\/2024\/10\/app-600x600.webp 600w, https:\/\/websitechile.cl\/wp-content\/uploads\/2024\/10\/app-150x150.webp 150w, https:\/\/websitechile.cl\/wp-content\/uploads\/2024\/10\/app-768x768.webp 768w\" sizes=\"(max-width: 1024px) 100vw, 1024px\" \/>\t\t\t\t\t\t\t\t\t\t\t\t\t\t\t<\/div>\n\t\t\t\t<\/div>\n\t\t\t\t<\/div>\n\t\t<div class=\"elementor-element elementor-element-1cc53af e-con-full e-flex e-con e-child\" data-id=\"1cc53af\" data-element_type=\"container\" data-e-type=\"container\">\n\t\t\t\t<div class=\"elementor-element elementor-element-635a03d elementor-widget elementor-widget-text-editor\" data-id=\"635a03d\" data-element_type=\"widget\" data-e-type=\"widget\" data-widget_type=\"text-editor.default\">\n\t\t\t\t<div class=\"elementor-widget-container\">\n\t\t\t\t\t\t\t\t\t<h2><strong>Desarrollo de P\u00e1ginas Web<\/strong><\/h2><h5>Desarrollamos sitios web personalizados, adaptados a las necesidades de tu negocio. Desde p\u00e1ginas corporativas hasta portafolios personales, ofrecemos dise\u00f1os modernos y optimizados para todo tipo de dispositivos (responsive).<br \/>\u00a1Con una p\u00e1gina web profesional, lograr\u00e1s destacar frente a la competencia!<\/h5><ul><li><h5>Dise\u00f1o adaptable a dispositivos m\u00f3viles<\/h5><\/li><li><h5>Optimizaci\u00f3n de velocidad y seguridad<\/h5><\/li><li><h5>Integraci\u00f3n de formularios de contacto y mapas<\/h5><\/li><li><h5>Personalizaci\u00f3n seg\u00fan identidad de marca<\/h5><\/li><\/ul>\t\t\t\t\t\t\t\t<\/div>\n\t\t\t\t<\/div>\n\t\t\t\t<\/div>\n\t\t<div class=\"elementor-element elementor-element-44cb393 e-con-full e-flex e-con e-child\" data-id=\"44cb393\" data-element_type=\"container\" data-e-type=\"container\">\n\t\t\t\t<div class=\"elementor-element elementor-element-e94e2e4 elementor-widget elementor-widget-text-editor\" data-id=\"e94e2e4\" data-element_type=\"widget\" data-e-type=\"widget\" data-widget_type=\"text-editor.default\">\n\t\t\t\t<div class=\"elementor-widget-container\">\n\t\t\t\t\t\t\t\t\t<h2><strong>Desarrollo de Tiendas Online<\/strong><\/h2><h5>Lleva tu negocio al comercio electr\u00f3nico con nuestras tiendas online. Creamos plataformas de ventas f\u00e1ciles de gestionar, con un dise\u00f1o atractivo y procesos de compra optimizados para mejorar la experiencia del cliente.<\/h5><ul><li><h5>Carrito de compras funcional y seguro<\/h5><\/li><li><h5>Integraci\u00f3n con sistemas de pago locales e internacionales<\/h5><\/li><li><h5>Gesti\u00f3n de inventario y productos<\/h5><\/li><li><h5>Reportes y an\u00e1lisis de ventas<\/h5><\/li><\/ul>\t\t\t\t\t\t\t\t<\/div>\n\t\t\t\t<\/div>\n\t\t\t\t<\/div>\n\t\t<div class=\"elementor-element elementor-element-4389603 e-con-full e-flex e-con e-child\" data-id=\"4389603\" data-element_type=\"container\" data-e-type=\"container\">\n\t\t\t\t<div class=\"elementor-element elementor-element-b5b5f65 elementor-widget elementor-widget-text-editor\" data-id=\"b5b5f65\" data-element_type=\"widget\" data-e-type=\"widget\" data-widget_type=\"text-editor.default\">\n\t\t\t\t<div class=\"elementor-widget-container\">\n\t\t\t\t\t\t\t\t\t<h2><strong>Desarrollo de Aplicaciones<\/strong><\/h2><h5><b>Creamos aplicaciones m\u00f3viles y de escritorio adaptadas a las necesidades espec\u00edficas de tu negocio. Ya sea para mejorar la comunicaci\u00f3n con tus clientes o para automatizar procesos internos, nuestras soluciones est\u00e1n orientadas a aumentar tu productividad.<\/b><\/h5><ul><li><h5><span style=\"color: var(--ast-global-color-2); font-size: 1rem; font-style: inherit; text-align: var(--text-align); background-color: var( --e-global-color-astglobalcolor4 );\">Aplicaciones nativas para Android e iOS<\/span><\/h5><\/li><li><h5>Funcionalidades personalizadas<\/h5><\/li><li><h5>Interfaz de usuario intuitiva<\/h5><\/li><li><h5>Integraci\u00f3n con otros sistemas y servicios<\/h5><\/li><\/ul>\t\t\t\t\t\t\t\t<\/div>\n\t\t\t\t<\/div>\n\t\t\t\t<\/div>\n\t\t\t\t\t<\/div>\n\t\t\t\t<\/div>\n\t\t<div class=\"elementor-element elementor-element-eb63522 e-con-full e-flex e-con e-parent\" data-id=\"eb63522\" data-element_type=\"container\" data-e-type=\"container\" data-settings=\"{&quot;background_background&quot;:&quot;classic&quot;}\">\n\t\t<div class=\"elementor-element elementor-element-2c44b0a e-con-full e-flex e-con e-child\" data-id=\"2c44b0a\" data-element_type=\"container\" data-e-type=\"container\">\n\t\t\t\t<div class=\"elementor-element elementor-element-a498d2b elementor-hidden-tablet elementor-hidden-mobile elementor-widget elementor-widget-image\" data-id=\"a498d2b\" data-element_type=\"widget\" data-e-type=\"widget\" data-widget_type=\"image.default\">\n\t\t\t\t<div class=\"elementor-widget-container\">\n\t\t\t\t\t\t\t\t\t\t\t\t\t\t\t<img loading=\"lazy\" decoding=\"async\" width=\"360\" height=\"270\" src=\"https:\/\/websitechile.cl\/wp-content\/uploads\/2024\/10\/metodos-de-pago-en-Espana-1.jpg\" class=\"attachment-medium_large size-medium_large wp-image-1224\" alt=\"\" srcset=\"https:\/\/websitechile.cl\/wp-content\/uploads\/2024\/10\/metodos-de-pago-en-Espana-1.jpg 360w, https:\/\/websitechile.cl\/wp-content\/uploads\/2024\/10\/metodos-de-pago-en-Espana-1-300x225.jpg 300w\" sizes=\"(max-width: 360px) 100vw, 360px\" \/>\t\t\t\t\t\t\t\t\t\t\t\t\t\t\t<\/div>\n\t\t\t\t<\/div>\n\t\t\t\t<\/div>\n\t\t<div class=\"elementor-element elementor-element-0a89779 e-con-full e-flex e-con e-child\" data-id=\"0a89779\" data-element_type=\"container\" data-e-type=\"container\">\n\t\t\t\t<div class=\"elementor-element elementor-element-f0e6e27 elementor-hidden-tablet elementor-hidden-mobile elementor-widget elementor-widget-image\" data-id=\"f0e6e27\" data-element_type=\"widget\" data-e-type=\"widget\" data-widget_type=\"image.default\">\n\t\t\t\t<div class=\"elementor-widget-container\">\n\t\t\t\t\t\t\t\t\t\t\t\t\t\t\t<img loading=\"lazy\" decoding=\"async\" width=\"360\" height=\"270\" src=\"https:\/\/websitechile.cl\/wp-content\/uploads\/2024\/10\/seo-optimizacion-1.jpg\" class=\"attachment-large size-large wp-image-1223\" alt=\"\" srcset=\"https:\/\/websitechile.cl\/wp-content\/uploads\/2024\/10\/seo-optimizacion-1.jpg 360w, https:\/\/websitechile.cl\/wp-content\/uploads\/2024\/10\/seo-optimizacion-1-300x225.jpg 300w\" sizes=\"(max-width: 360px) 100vw, 360px\" \/>\t\t\t\t\t\t\t\t\t\t\t\t\t\t\t<\/div>\n\t\t\t\t<\/div>\n\t\t\t\t<\/div>\n\t\t<div class=\"elementor-element elementor-element-d4eadfe e-con-full e-flex e-con e-child\" data-id=\"d4eadfe\" data-element_type=\"container\" data-e-type=\"container\">\n\t\t\t\t<div class=\"elementor-element elementor-element-8ffbdd6 elementor-hidden-tablet elementor-hidden-mobile elementor-widget elementor-widget-image\" data-id=\"8ffbdd6\" data-element_type=\"widget\" data-e-type=\"widget\" data-widget_type=\"image.default\">\n\t\t\t\t<div class=\"elementor-widget-container\">\n\t\t\t\t\t\t\t\t\t\t\t\t\t\t\t<img loading=\"lazy\" decoding=\"async\" width=\"360\" height=\"270\" src=\"https:\/\/websitechile.cl\/wp-content\/uploads\/2024\/10\/iconos-instagram-computadora-portatil-megafono-concepto-redes-sociales-marketing-digital_112255-1904.jpg\" class=\"attachment-medium_large size-medium_large wp-image-1216\" alt=\"\" srcset=\"https:\/\/websitechile.cl\/wp-content\/uploads\/2024\/10\/iconos-instagram-computadora-portatil-megafono-concepto-redes-sociales-marketing-digital_112255-1904.jpg 360w, https:\/\/websitechile.cl\/wp-content\/uploads\/2024\/10\/iconos-instagram-computadora-portatil-megafono-concepto-redes-sociales-marketing-digital_112255-1904-300x225.jpg 300w\" sizes=\"(max-width: 360px) 100vw, 360px\" \/>\t\t\t\t\t\t\t\t\t\t\t\t\t\t\t<\/div>\n\t\t\t\t<\/div>\n\t\t\t\t<\/div>\n\t\t<div class=\"elementor-element elementor-element-7dd13f4 e-con-full e-flex e-con e-child\" data-id=\"7dd13f4\" data-element_type=\"container\" data-e-type=\"container\">\n\t\t\t\t<div class=\"elementor-element elementor-element-c44db5d elementor-widget elementor-widget-text-editor\" data-id=\"c44db5d\" data-element_type=\"widget\" data-e-type=\"widget\" data-widget_type=\"text-editor.default\">\n\t\t\t\t<div class=\"elementor-widget-container\">\n\t\t\t\t\t\t\t\t\t<h2><strong>Integraci\u00f3n de Sistemas de Pago<\/strong><\/h2><h5>Facilitamos la implementaci\u00f3n de sistemas de pago seguros en tu sitio web o tienda online. Trabajamos con m\u00faltiples proveedores, garantizando transacciones seguras y una experiencia sin complicaciones para tus clientes.<\/h5><ul><li><h5>Soporte para Webpay, PayPal, Stripe, y otros<\/h5><\/li><li><h5>Configuraci\u00f3n r\u00e1pida y eficiente<\/h5><\/li><li><h5>Seguridad garantizada con SSL<\/h5><\/li><li><h5>Experiencia de usuario fluida durante la compra<\/h5><\/li><\/ul><h5>\u00a0<\/h5>\t\t\t\t\t\t\t\t<\/div>\n\t\t\t\t<\/div>\n\t\t\t\t<\/div>\n\t\t<div class=\"elementor-element elementor-element-bb41e82 e-con-full e-flex e-con e-child\" data-id=\"bb41e82\" data-element_type=\"container\" data-e-type=\"container\">\n\t\t\t\t<div class=\"elementor-element elementor-element-bcbfbe4 elementor-widget elementor-widget-text-editor\" data-id=\"bcbfbe4\" data-element_type=\"widget\" data-e-type=\"widget\" data-widget_type=\"text-editor.default\">\n\t\t\t\t<div class=\"elementor-widget-container\">\n\t\t\t\t\t\t\t\t\t<h2><strong>Posicionamiento Web (SEO)<\/strong><\/h2><h5>Mejora la visibilidad de tu sitio web en los motores de b\u00fasqueda con nuestros servicios de SEO. Aumentamos el tr\u00e1fico org\u00e1nico y ayudamos a que tus clientes te encuentren f\u00e1cilmente en Google y otros buscadores.<\/h5><ul><li><h5>Optimizaci\u00f3n de contenido y palabras clave<\/h5><\/li><li><h5>Estrategias SEO locales y nacionales<\/h5><\/li><li><h5>Auditor\u00eda SEO y an\u00e1lisis competitivo<\/h5><\/li><li><h5>Seguimiento de posicionamiento<\/h5><\/li><\/ul>\t\t\t\t\t\t\t\t<\/div>\n\t\t\t\t<\/div>\n\t\t\t\t<\/div>\n\t\t<div class=\"elementor-element elementor-element-f9db6c7 e-con-full e-flex e-con e-child\" data-id=\"f9db6c7\" data-element_type=\"container\" data-e-type=\"container\">\n\t\t\t\t<div class=\"elementor-element elementor-element-d76a889 elementor-widget elementor-widget-text-editor\" data-id=\"d76a889\" data-element_type=\"widget\" data-e-type=\"widget\" data-widget_type=\"text-editor.default\">\n\t\t\t\t<div class=\"elementor-widget-container\">\n\t\t\t\t\t\t\t\t\t<h2><strong>Publicidad en Google y Redes Sociales<\/strong><\/h2><h5>Maximiza tu visibilidad en l\u00ednea con campa\u00f1as publicitarias integradas en Google, Instagram, Facebook y WhatsApp. Te ayudamos a alcanzar a tu p\u00fablico objetivo de manera precisa, con anuncios optimizados para aumentar las interacciones y ventas. Adem\u00e1s, analizamos el rendimiento de cada campa\u00f1a mediante Google Analytics para ofrecerte informes detallados que mejoran tu estrategia de marketing.<\/h5><h5><strong>Caracter\u00edsticas clave:<\/strong><\/h5><ul><li><h5>Creaci\u00f3n y gesti\u00f3n de campa\u00f1as en Google Ads, Instagram y Facebook<\/h5><\/li><li><h5>Segmentaci\u00f3n avanzada para llegar a audiencias espec\u00edficas<\/h5><\/li><li><h5>Integraci\u00f3n de WhatsApp Business para ventas directas<\/h5><\/li><li><h5>Monitoreo y an\u00e1lisis de resultados con Google Analytics<\/h5><\/li><li><h5>Informes personalizados y ajustes de campa\u00f1a en tiempo real<\/h5><\/li><\/ul>\t\t\t\t\t\t\t\t<\/div>\n\t\t\t\t<\/div>\n\t\t\t\t<\/div>\n\t\t\t\t<\/div>\n\t\t\t\t<\/div>\n\t\t","protected":false},"excerpt":{"rendered":"<p>\u00a1BIENVENIDOS A WEBSITECHILE.CL! Servicios En WebsiteChile ofrecemos una gama completa de servicios digitales dise\u00f1ados para llevar tu negocio al siguiente [&hellip;]<\/p>\n","protected":false},"author":1,"featured_media":0,"parent":0,"menu_order":0,"comment_status":"closed","ping_status":"closed","template":"","meta":{"site-sidebar-layout":"no-sidebar","site-content-layout":"","ast-site-content-layout":"full-width-container","site-content-style":"default","site-sidebar-style":"default","ast-global-header-display":"","ast-banner-title-visibility":"","ast-main-header-display":"","ast-hfb-above-header-display":"","ast-hfb-below-header-display":"","ast-hfb-mobile-header-display":"","site-post-title":"disabled","ast-breadcrumbs-content":"","ast-featured-img":"disabled","footer-sml-layout":"","theme-transparent-header-meta":"","adv-header-id-meta":"","stick-header-meta":"","header-above-stick-meta":"","header-main-stick-meta":"","header-below-stick-meta":"","astra-migrate-meta-layouts":"default","ast-page-background-enabled":"default","ast-page-background-meta":{"desktop":{"background-color":"var(--ast-global-color-4)","background-image":"","background-repeat":"repeat","background-position":"center center","background-size":"auto","background-attachment":"scroll","background-type":"","background-media":"","overlay-type":"","overlay-color":"","overlay-opacity":"","overlay-gradient":""},"tablet":{"background-color":"","background-image":"","background-repeat":"repeat","background-position":"center center","background-size":"auto","background-attachment":"scroll","background-type":"","background-media":"","overlay-type":"","overlay-color":"","overlay-opacity":"","overlay-gradient":""},"mobile":{"background-color":"","background-image":"","background-repeat":"repeat","background-position":"center center","background-size":"auto","background-attachment":"scroll","background-type":"","background-media":"","overlay-type":"","overlay-color":"","overlay-opacity":"","overlay-gradient":""}},"ast-content-background-meta":{"desktop":{"background-color":"var(--ast-global-color-5)","background-image":"","background-repeat":"repeat","background-position":"center center","background-size":"auto","background-attachment":"scroll","background-type":"","background-media":"","overlay-type":"","overlay-color":"","overlay-opacity":"","overlay-gradient":""},"tablet":{"background-color":"var(--ast-global-color-5)","background-image":"","background-repeat":"repeat","background-position":"center center","background-size":"auto","background-attachment":"scroll","background-type":"","background-media":"","overlay-type":"","overlay-color":"","overlay-opacity":"","overlay-gradient":""},"mobile":{"background-color":"var(--ast-global-color-5)","background-image":"","background-repeat":"repeat","background-position":"center center","background-size":"auto","background-attachment":"scroll","background-type":"","background-media":"","overlay-type":"","overlay-color":"","overlay-opacity":"","overlay-gradient":""}},"footnotes":""},"class_list":["post-1209","page","type-page","status-publish","hentry"],"jetpack_sharing_enabled":true,"_links":{"self":[{"href":"https:\/\/websitechile.cl\/index.php\/wp-json\/wp\/v2\/pages\/1209","targetHints":{"allow":["GET"]}}],"collection":[{"href":"https:\/\/websitechile.cl\/index.php\/wp-json\/wp\/v2\/pages"}],"about":[{"href":"https:\/\/websitechile.cl\/index.php\/wp-json\/wp\/v2\/types\/page"}],"author":[{"embeddable":true,"href":"https:\/\/websitechile.cl\/index.php\/wp-json\/wp\/v2\/users\/1"}],"replies":[{"embeddable":true,"href":"https:\/\/websitechile.cl\/index.php\/wp-json\/wp\/v2\/comments?post=1209"}],"version-history":[{"count":50,"href":"https:\/\/websitechile.cl\/index.php\/wp-json\/wp\/v2\/pages\/1209\/revisions"}],"predecessor-version":[{"id":1658,"href":"https:\/\/websitechile.cl\/index.php\/wp-json\/wp\/v2\/pages\/1209\/revisions\/1658"}],"wp:attachment":[{"href":"https:\/\/websitechile.cl\/index.php\/wp-json\/wp\/v2\/media?parent=1209"}],"curies":[{"name":"wp","href":"https:\/\/api.w.org\/{rel}","templated":true}]}}